{"id":8706,"date":"2023-07-05T19:59:05","date_gmt":"2023-07-05T17:59:05","guid":{"rendered":"http:\/\/173.249.34.82:3049\/?page_id=8706"},"modified":"2023-07-05T19:59:06","modified_gmt":"2023-07-05T17:59:06","slug":"%d8%a7%d8%aa%d8%b5%d9%84-%d8%a8%d9%86%d8%a7","status":"publish","type":"page","link":"http:\/\/cntpp.dz\/ar\/%d8%a7%d8%aa%d8%b5%d9%84-%d8%a8%d9%86%d8%a7\/","title":{"rendered":"\u0627\u062a\u0635\u0644 \u0628\u0646\u0627"},"content":{"rendered":"<div data-elementor-type=\"wp-page\" data-elementor-id=\"8706\" class=\"elementor elementor-8706\" data-elementor-post-type=\"page\">\n\t\t\t\t\t\t\t\t\t<section class=\"elementor-section elementor-top-section elementor-element elementor-element-caff915 elementor-section-full_width elementor-section-height-default elementor-section-height-default\" data-id=\"caff915\" data-element_type=\"section\">\n\t\t\t\t\t\t<div class=\"elementor-container elementor-column-gap-default\">\n\t\t\t\t\t<div class=\"elementor-column elementor-col-100 elementor-top-column elementor-element elementor-element-34962ea\" data-id=\"34962ea\" data-element_type=\"column\">\n\t\t\t<div class=\"elementor-widget-wrap elementor-element-populated\">\n\t\t\t\t\t\t\t\t<div class=\"elementor-element elementor-element-886acd2 elementor-widget elementor-widget-spero_contact_info_v2\" data-id=\"886acd2\" data-element_type=\"widget\" data-widget_type=\"spero_contact_info_v2.default\">\n\t\t\t\t<div class=\"elementor-widget-container\">\n\t\t\t\t   \n    <!-- CONTACT ADDRESS AREA START -->\n    <div class=\"ltn__contact-address-area mb-90 pt-120\">\n        <div class=\"container\">\n            <div class=\"row\">\n                                <div class=\"col-lg-4\">\n                    <div class=\"ltn__contact-address-item ltn__contact-address-item-3 box-shadow\">\n                        <div class=\"ltn__contact-address-icon\">\n                            <img decoding=\"async\" src=\"https:\/\/cntpp.dz\/wp-content\/uploads\/2022\/09\/10.png\" alt=\"Awesome Image\">\n                        <\/div>\n                        <h3>Email Address<\/h3>\n                        <p>info@webmail.com <br> jobs@webexample.com<\/p>\n                    <\/div>\n                <\/div>\n                                <div class=\"col-lg-4\">\n                    <div class=\"ltn__contact-address-item ltn__contact-address-item-3 box-shadow\">\n                        <div class=\"ltn__contact-address-icon\">\n                            <img decoding=\"async\" src=\"https:\/\/cntpp.dz\/wp-content\/uploads\/2022\/09\/11.png\" alt=\"Awesome Image\">\n                        <\/div>\n                        <h3>Phone Number<\/h3>\n                        <p>+0123-456789 <br> +987-6543210<\/p>\n                    <\/div>\n                <\/div>\n                                <div class=\"col-lg-4\">\n                    <div class=\"ltn__contact-address-item ltn__contact-address-item-3 box-shadow\">\n                        <div class=\"ltn__contact-address-icon\">\n                            <img decoding=\"async\" src=\"https:\/\/cntpp.dz\/wp-content\/uploads\/2022\/09\/12.png\" alt=\"Awesome Image\">\n                        <\/div>\n                        <h3>Office Address<\/h3>\n                        <p>18\/A, New Born Town Hall <br>   New York, USA<\/p>\n                    <\/div>\n                <\/div>\n                 \n            <\/div>\n        <\/div>\n    <\/div>\n    <!-- CONTACT ADDRESS AREA END -->\n    \n\t\t\t<\/div>\n\t\t\t\t<\/div>\n\t\t\t\t\t<\/div>\n\t\t<\/div>\n\t\t\t\t\t\t\t<\/div>\n\t\t<\/section>\n\t\t\t\t<section class=\"elementor-section elementor-top-section elementor-element elementor-element-3c3e84f elementor-section-full_width elementor-section-height-default elementor-section-height-default\" data-id=\"3c3e84f\" data-element_type=\"section\">\n\t\t\t\t\t\t<div class=\"elementor-container elementor-column-gap-default\">\n\t\t\t\t\t<div class=\"elementor-column elementor-col-100 elementor-top-column elementor-element elementor-element-d5d4ff1\" data-id=\"d5d4ff1\" data-element_type=\"column\">\n\t\t\t<div class=\"elementor-widget-wrap elementor-element-populated\">\n\t\t\t\t\t\t\t\t<div class=\"elementor-element elementor-element-807b9cc elementor-widget elementor-widget-spero_contact_us\" data-id=\"807b9cc\" data-element_type=\"widget\" data-widget_type=\"spero_contact_us.default\">\n\t\t\t\t<div class=\"elementor-widget-container\">\n\t\t\t\t\t\n          \n          \n          <!-- CONTACT MESSAGE AREA START -->\n    <div class=\"ltn__contact-message-area mb-120 mb--100\">\n        <div class=\"container\">\n            <div class=\"row\">\n                <div class=\"col-lg-12\">\n                    <div class=\"ltn__form-box contact-form-box box-shadow white-bg\">\n                        <h4 class=\"title-2\">Get A Quote<\/h4>                        \t\t\t\t\t\t\n<div class=\"wpcf7 no-js\" id=\"wpcf7-f536-o1\" lang=\"en-GB\" dir=\"ltr\">\n<div class=\"screen-reader-response\"><p role=\"status\" aria-live=\"polite\" aria-atomic=\"true\"><\/p> <ul><\/ul><\/div>\n<form action=\"\/ar\/wp-json\/wp\/v2\/pages\/8706#wpcf7-f536-o1\" method=\"post\" class=\"wpcf7-form init\" aria-label=\"\u0646\u0645\u0648\u0630\u062c \u0627\u0644\u0627\u062a\u0635\u0627\u0644\" novalidate=\"novalidate\" data-status=\"init\" data-trp-original-action=\"\/ar\/wp-json\/wp\/v2\/pages\/8706#wpcf7-f536-o1\">\n<div style=\"display: none;\">\n<input type=\"hidden\" name=\"_wpcf7\" value=\"536\" \/>\n<input type=\"hidden\" name=\"_wpcf7_version\" value=\"5.8.3\" \/>\n<input type=\"hidden\" name=\"_wpcf7_locale\" value=\"en_GB\" \/>\n<input type=\"hidden\" name=\"_wpcf7_unit_tag\" value=\"wpcf7-f536-o1\" \/>\n<input type=\"hidden\" name=\"_wpcf7_container_post\" value=\"0\" \/>\n<input type=\"hidden\" name=\"_wpcf7_posted_data_hash\" value=\"\" \/>\n<\/div>\n<div class=\"row\">\n    <div class=\"col-md-6\">\n        <div class=\"input-item input-item-name ltn__custom-icon\">\n            <span class=\"wpcf7-form-control-wrap\" data-name=\"nom\"><input size=\"40\" class=\"wpcf7-form-control wpcf7-text wpcf7-validates-as-required\" aria-required=\"true\" aria-invalid=\"false\" placeholder=\"Votre nom\" value=\"\" type=\"text\" name=\"nom\" \/><\/span>\n        <\/div>\n    <\/div>\n    <div class=\"col-md-6\">\n        <div class=\"input-item input-item-name ltn__custom-icon\">\n            <span class=\"wpcf7-form-control-wrap\" data-name=\"prenom\"><input size=\"40\" class=\"wpcf7-form-control wpcf7-text wpcf7-validates-as-required\" aria-required=\"true\" aria-invalid=\"false\" placeholder=\"Votre Pr\u00e9nom\" value=\"\" type=\"text\" name=\"prenom\" \/><\/span>\n        <\/div>\n    <\/div>\n    <div class=\"col-md-6\">\n        <div class=\"input-item input-item-email ltn__custom-icon\">\n            <span class=\"wpcf7-form-control-wrap\" data-name=\"email\"><input size=\"40\" class=\"wpcf7-form-control wpcf7-email wpcf7-validates-as-required wpcf7-text wpcf7-validates-as-email\" aria-required=\"true\" aria-invalid=\"false\" placeholder=\"Votre adresse Email\" value=\"\" type=\"email\" name=\"email\" \/><\/span>\n        <\/div>\n    <\/div>\n    <div class=\"col-md-6\">\n        <div class=\"input-item input-item-phone ltn__custom-icon\">\n            <span class=\"wpcf7-form-control-wrap\" data-name=\"telephone\"><input size=\"40\" class=\"wpcf7-form-control wpcf7-text wpcf7-validates-as-required\" aria-required=\"true\" aria-invalid=\"false\" placeholder=\"Votre num\u00e9ro de t\u00e9l\u00e9phone\" value=\"\" type=\"text\" name=\"telephone\" \/><\/span>\n        <\/div>\n    <\/div>\n<\/div>\n<div class=\"input-item input-item-textarea ltn__custom-icon\">\n    <span class=\"wpcf7-form-control-wrap\" data-name=\"message\"><textarea cols=\"40\" rows=\"10\" class=\"wpcf7-form-control wpcf7-textarea wpcf7-validates-as-required\" aria-required=\"true\" aria-invalid=\"false\" placeholder=\"Votre message\" name=\"message\"><\/textarea><\/span>\n<\/div><div class=\"wpcf7-response-output\" aria-hidden=\"true\"><\/div>\n<input type=\"hidden\" name=\"trp-form-language\" value=\"ar\"\/><\/form>\n<\/div>\n                                            <\/div>\n                <\/div>\n            <\/div>\n        <\/div>\n    <\/div>\n    <!-- CONTACT MESSAGE AREA END -->\n          \n          \n          \n       \n        \t\t<\/div>\n\t\t\t\t<\/div>\n\t\t\t\t\t<\/div>\n\t\t<\/div>\n\t\t\t\t\t\t\t<\/div>\n\t\t<\/section>\n\t\t\t\t<section class=\"elementor-section elementor-top-section elementor-element elementor-element-6391cd0 elementor-section-full_width elementor-section-height-default elementor-section-height-default\" data-id=\"6391cd0\" data-element_type=\"section\">\n\t\t\t\t\t\t<div class=\"elementor-container elementor-column-gap-default\">\n\t\t\t\t\t<div class=\"elementor-column elementor-col-100 elementor-top-column elementor-element elementor-element-20af8c8\" data-id=\"20af8c8\" data-element_type=\"column\">\n\t\t\t<div class=\"elementor-widget-wrap elementor-element-populated\">\n\t\t\t\t\t\t\t\t<div class=\"elementor-element elementor-element-74ac743 elementor-widget elementor-widget-spero_google_map\" data-id=\"74ac743\" data-element_type=\"widget\" data-widget_type=\"spero_google_map.default\">\n\t\t\t\t<div class=\"elementor-widget-container\">\n\t\t\t\t\t\n   \t \n   \t<!-- GOOGLE MAP AREA START -->\n    <div class=\"google-map mb-120\">\n       <iframe src=\"https:\/\/www.google.com\/maps\/embed?pb=!1m18!1m12!1m3!1d387190.2799160891!2d-74.25987584510595!3d40.69767006338158!2m3!1f0!2f0!3f0!3m2!1i1024!2i768!4f13.1!3m3!1m2!1s0x89c24fa5d33f083b%3A0xc80b8f06e177fe62!2sNew%20York%2C%20NY%2C%20USA!5e0!3m2!1sen!2s!4v1660307270235!5m2!1sen!2s\" width=\"100\" height=\"800\" style=\"border:0;\" allowfullscreen=\"\" loading=\"lazy\" referrerpolicy=\"no-referrer-when-downgrade\"><\/iframe>  \n    <\/div>\n    <!-- GOOGLE MAP AREA END -->\n   \t\n\t\t\t<\/div>\n\t\t\t\t<\/div>\n\t\t\t\t\t<\/div>\n\t\t<\/div>\n\t\t\t\t\t\t\t<\/div>\n\t\t<\/section>\n\t\t\t\t<section class=\"elementor-section elementor-top-section elementor-element elementor-element-f2ea06d elementor-section-full_width elementor-section-height-default elementor-section-height-default\" data-id=\"f2ea06d\" data-element_type=\"section\">\n\t\t\t\t\t\t<div class=\"elementor-container elementor-column-gap-default\">\n\t\t\t\t\t<div class=\"elementor-column elementor-col-100 elementor-top-column elementor-element elementor-element-ed33f2b\" data-id=\"ed33f2b\" data-element_type=\"column\">\n\t\t\t<div class=\"elementor-widget-wrap elementor-element-populated\">\n\t\t\t\t\t\t\t\t<div class=\"elementor-element elementor-element-2617e74 elementor-widget elementor-widget-spero_clients\" data-id=\"2617e74\" data-element_type=\"widget\" data-widget_type=\"spero_clients.default\">\n\t\t\t\t<div class=\"elementor-widget-container\">\n\t\t\t    \n    <!-- BRAND LOGO AREA START -->\n    <div class=\"ltn__brand-logo-area ltn__brand-logo-1 before-bg-bottom\">\n        <div class=\"container\">\n            <div class=\"row ltn__brand-logo-active ltn__secondary-bg ltn__border-radius pt-30 pb-20\">\n                            <div class=\"col-lg-12\">\n                    <div class=\"ltn__brand-logo-item\">\n                        <img decoding=\"async\" src=\"https:\/\/cntpp.dz\/wp-content\/uploads\/2022\/08\/b11.png\" alt=\"Awesome Image\">\n                    <\/div>\n                <\/div>\n                                <div class=\"col-lg-12\">\n                    <div class=\"ltn__brand-logo-item\">\n                        <img decoding=\"async\" src=\"https:\/\/cntpp.dz\/wp-content\/uploads\/2022\/08\/b12.png\" alt=\"Awesome Image\">\n                    <\/div>\n                <\/div>\n                                <div class=\"col-lg-12\">\n                    <div class=\"ltn__brand-logo-item\">\n                        <img decoding=\"async\" src=\"https:\/\/cntpp.dz\/wp-content\/uploads\/2022\/08\/b13.png\" alt=\"Awesome Image\">\n                    <\/div>\n                <\/div>\n                                <div class=\"col-lg-12\">\n                    <div class=\"ltn__brand-logo-item\">\n                        <img decoding=\"async\" src=\"https:\/\/cntpp.dz\/wp-content\/uploads\/2022\/08\/b14.png\" alt=\"Awesome Image\">\n                    <\/div>\n                <\/div>\n                                <div class=\"col-lg-12\">\n                    <div class=\"ltn__brand-logo-item\">\n                        <img decoding=\"async\" src=\"https:\/\/cntpp.dz\/wp-content\/uploads\/2022\/08\/b15.png\" alt=\"Awesome Image\">\n                    <\/div>\n                <\/div>\n                                <div class=\"col-lg-12\">\n                    <div class=\"ltn__brand-logo-item\">\n                        <img decoding=\"async\" src=\"https:\/\/cntpp.dz\/wp-content\/uploads\/2022\/08\/b13.png\" alt=\"Awesome Image\">\n                    <\/div>\n                <\/div>\n                  \n            <\/div>\n        <\/div>\n    <\/div>\n    <!-- BRAND LOGO AREA END -->\n\t\t\n    \t\t<\/div>\n\t\t\t\t<\/div>\n\t\t\t\t\t<\/div>\n\t\t<\/div>\n\t\t\t\t\t\t\t<\/div>\n\t\t<\/section>\n\t\t\t\t\t\t\t<\/div>","protected":false},"excerpt":{"rendered":"","protected":false},"author":1,"featured_media":0,"parent":0,"menu_order":0,"comment_status":"closed","ping_status":"closed","template":"tpl-default-elementor.php","meta":{"_monsterinsights_skip_tracking":false,"_monsterinsights_sitenote_active":false,"_monsterinsights_sitenote_note":"","_monsterinsights_sitenote_category":0,"_uf_show_specific_survey":0,"_uf_disable_surveys":false,"footnotes":""},"class_list":["post-8706","page","type-page","status-publish","hentry"],"aioseo_notices":[],"_links":{"self":[{"href":"http:\/\/cntpp.dz\/ar\/wp-json\/wp\/v2\/pages\/8706","targetHints":{"allow":["GET"]}}],"collection":[{"href":"http:\/\/cntpp.dz\/ar\/wp-json\/wp\/v2\/pages"}],"about":[{"href":"http:\/\/cntpp.dz\/ar\/wp-json\/wp\/v2\/types\/page"}],"author":[{"embeddable":true,"href":"http:\/\/cntpp.dz\/ar\/wp-json\/wp\/v2\/users\/1"}],"replies":[{"embeddable":true,"href":"http:\/\/cntpp.dz\/ar\/wp-json\/wp\/v2\/comments?post=8706"}],"version-history":[{"count":0,"href":"http:\/\/cntpp.dz\/ar\/wp-json\/wp\/v2\/pages\/8706\/revisions"}],"wp:attachment":[{"href":"http:\/\/cntpp.dz\/ar\/wp-json\/wp\/v2\/media?parent=8706"}],"curies":[{"name":"wp","href":"https:\/\/api.w.org\/{rel}","templated":true}]}}